{"id":55,"date":"2017-08-20T11:59:07","date_gmt":"2017-08-20T11:59:07","guid":{"rendered":"http:\/\/akvasolis.lt\/?page_id=55"},"modified":"2021-04-21T07:50:57","modified_gmt":"2021-04-21T07:50:57","slug":"apie-akvasolis","status":"publish","type":"page","link":"https:\/\/akvasolis.lt\/en\/apie-akvasolis\/","title":{"rendered":"About Us"},"content":{"rendered":"<p>[vc_row][vc_column][vc_empty_space][vc_empty_space][vc_custom_heading text=&#8221;Akvasolis LTD. is an official and authorized representative of the Australian concern Apricus in Lithuania. &#8221; font_container=&#8221;tag:h3|text_align:center&#8221; use_theme_fonts=&#8221;yes&#8221;][vc_separator][vc_column_text]We are a company that sells only the highest quality certified products that deliver maximum benefits to the consumer.<\/p>\n<p>We focus on providing simple and efficient solutions for individual homes, multi-dwellings, hotels, businesses and everyone who is concerned about rising energy consumption and climate change.<\/p>\n<p>To maximize efficiency, we use the Swiss-based, constantly updated Simulator-Spreadsheet Polysun. This computing tool offers a dynamic and comprehensive analysis of the economic aspects of solar collector systems.<\/p>\n<p>By helping colleagues from other countries, we improve our knowledge and share experiences. It helps us to improve.[\/vc_column_text][vc_empty_space][vc_empty_space][\/vc_column][\/vc_row]<\/p>\n","protected":false},"excerpt":{"rendered":"<p>[vc_row][vc_column][vc_empty_space][vc_empty_space][vc_custom_heading text=&#8221;Akvasolis LTD. is an official and authorized representative of the Australian concern Apricus in Lithuania. &#8221; font_container=&#8221;tag:h3|text_align:center&#8221; use_theme_fonts=&#8221;yes&#8221;][vc_separator][vc_column_text]We are a company that sells only the highest quality certified products that deliver maximum benefits to the consumer. We focus on providing simple and efficient solutions for individual homes, multi-dwellings, hotels, businesses and everyone who is concerned about rising energy consumption and climate change. To maximize efficiency, we use the Swiss-based, constantly updated Simulator-Spreadsheet Polysun. This computing tool offers a dynamic and comprehensive analysis of the economic aspects of solar collector systems. By helping colleagues from other countries, we improve our knowledge and share experiences. It helps us to improve.[\/vc_column_text][vc_empty_space][vc_empty_space][\/vc_column][\/vc_row]<\/p>\n","protected":false},"author":1,"featured_media":0,"parent":0,"menu_order":0,"comment_status":"closed","ping_status":"closed","template":"template-fullwith.php","meta":[],"yoast_head":"<!-- This site is optimized with the Yoast SEO plugin v16.1.1 - https:\/\/yoast.com\/wordpress\/plugins\/seo\/ -->\n<meta name=\"description\" content=\"Esame orientuoti \u012f efektyvi\u0173 sprendim\u0173 teikim\u0105 individualiems namams, daugiabu\u010diams, vie\u0161bu\u010diams ir \u012fmon\u0117ms.\" \/>\n<link rel=\"canonical\" href=\"https:\/\/akvasolis.lt\/apie-akvasolis\/\" \/>\n<meta property=\"og:locale\" content=\"en_US\" \/>\n<meta property=\"og:type\" content=\"article\" \/>\n<meta property=\"og:title\" content=\"UAB Akvasolis - kokybi\u0161ki Apricus saul\u0117s kolektoriai\" \/>\n<meta property=\"og:description\" content=\"Esame orientuoti \u012f efektyvi\u0173 sprendim\u0173 teikim\u0105 individualiems namams, daugiabu\u010diams, vie\u0161bu\u010diams ir \u012fmon\u0117ms.\" \/>\n<meta property=\"og:url\" content=\"https:\/\/akvasolis.lt\/apie-akvasolis\/\" \/>\n<meta property=\"og:site_name\" content=\"akvasolis\" \/>\n<meta property=\"article:modified_time\" content=\"2021-04-21T07:50:57+00:00\" \/>\n<meta name=\"twitter:card\" content=\"summary_large_image\" \/>\n<meta name=\"twitter:label1\" content=\"Est. reading time\">\n\t<meta name=\"twitter:data1\" content=\"1 minute\">\n<script type=\"application\/ld+json\" class=\"yoast-schema-graph\">{\"@context\":\"https:\/\/schema.org\",\"@graph\":[{\"@type\":\"Organization\",\"@id\":\"https:\/\/akvasolis.lt\/#organization\",\"name\":\"UAB Akvasolis\",\"url\":\"https:\/\/akvasolis.lt\/\",\"sameAs\":[],\"logo\":{\"@type\":\"ImageObject\",\"@id\":\"https:\/\/akvasolis.lt\/#logo\",\"inLanguage\":\"en-US\",\"url\":\"https:\/\/akvasolis.lt\/wp-content\/uploads\/2017\/08\/akvasolis-logo-1.png\",\"contentUrl\":\"https:\/\/akvasolis.lt\/wp-content\/uploads\/2017\/08\/akvasolis-logo-1.png\",\"width\":373,\"height\":352,\"caption\":\"UAB Akvasolis\"},\"image\":{\"@id\":\"https:\/\/akvasolis.lt\/#logo\"}},{\"@type\":\"WebSite\",\"@id\":\"https:\/\/akvasolis.lt\/#website\",\"url\":\"https:\/\/akvasolis.lt\/\",\"name\":\"Akvasolis\",\"description\":\"Just another WordPress site\",\"publisher\":{\"@id\":\"https:\/\/akvasolis.lt\/#organization\"},\"potentialAction\":[{\"@type\":\"SearchAction\",\"target\":\"https:\/\/akvasolis.lt\/?s={search_term_string}\",\"query-input\":\"required name=search_term_string\"}],\"inLanguage\":\"en-US\"},{\"@type\":\"WebPage\",\"@id\":\"https:\/\/akvasolis.lt\/apie-akvasolis\/#webpage\",\"url\":\"https:\/\/akvasolis.lt\/apie-akvasolis\/\",\"name\":\"UAB Akvasolis - kokybi\\u0161ki Apricus saul\\u0117s kolektoriai\",\"isPartOf\":{\"@id\":\"https:\/\/akvasolis.lt\/#website\"},\"datePublished\":\"2017-08-20T11:59:07+00:00\",\"dateModified\":\"2021-04-21T07:50:57+00:00\",\"description\":\"Esame orientuoti \\u012f efektyvi\\u0173 sprendim\\u0173 teikim\\u0105 individualiems namams, daugiabu\\u010diams, vie\\u0161bu\\u010diams ir \\u012fmon\\u0117ms.\",\"breadcrumb\":{\"@id\":\"https:\/\/akvasolis.lt\/apie-akvasolis\/#breadcrumb\"},\"inLanguage\":\"en-US\",\"potentialAction\":[{\"@type\":\"ReadAction\",\"target\":[\"https:\/\/akvasolis.lt\/apie-akvasolis\/\"]}]},{\"@type\":\"BreadcrumbList\",\"@id\":\"https:\/\/akvasolis.lt\/apie-akvasolis\/#breadcrumb\",\"itemListElement\":[{\"@type\":\"ListItem\",\"position\":1,\"item\":{\"@type\":\"WebPage\",\"@id\":\"https:\/\/akvasolis.lt\/\",\"url\":\"https:\/\/akvasolis.lt\/\",\"name\":\"Home\"}},{\"@type\":\"ListItem\",\"position\":2,\"item\":{\"@type\":\"WebPage\",\"@id\":\"https:\/\/akvasolis.lt\/apie-akvasolis\/\",\"url\":\"https:\/\/akvasolis.lt\/apie-akvasolis\/\",\"name\":\"Apie Mus\"}}]}]}<\/script>\n<!-- \/ Yoast SEO plugin. -->","_links":{"self":[{"href":"https:\/\/akvasolis.lt\/en\/wp-json\/wp\/v2\/pages\/55"}],"collection":[{"href":"https:\/\/akvasolis.lt\/en\/wp-json\/wp\/v2\/pages"}],"about":[{"href":"https:\/\/akvasolis.lt\/en\/wp-json\/wp\/v2\/types\/page"}],"author":[{"embeddable":true,"href":"https:\/\/akvasolis.lt\/en\/wp-json\/wp\/v2\/users\/1"}],"replies":[{"embeddable":true,"href":"https:\/\/akvasolis.lt\/en\/wp-json\/wp\/v2\/comments?post=55"}],"version-history":[{"count":11,"href":"https:\/\/akvasolis.lt\/en\/wp-json\/wp\/v2\/pages\/55\/revisions"}],"predecessor-version":[{"id":190,"href":"https:\/\/akvasolis.lt\/en\/wp-json\/wp\/v2\/pages\/55\/revisions\/190"}],"wp:attachment":[{"href":"https:\/\/akvasolis.lt\/en\/wp-json\/wp\/v2\/media?parent=55"}],"curies":[{"name":"wp","href":"https:\/\/api.w.org\/{rel}","templated":true}]}}