{"id":57,"date":"2017-08-20T11:59:26","date_gmt":"2017-08-20T11:59:26","guid":{"rendered":"http:\/\/akvasolis.lt\/?page_id=57"},"modified":"2021-10-05T15:42:49","modified_gmt":"2021-10-05T15:42:49","slug":"kontaktai","status":"publish","type":"page","link":"https:\/\/akvasolis.lt\/en\/kontaktai\/","title":{"rendered":"Contact Us"},"content":{"rendered":"<p>[vc_row][vc_column width=&#8221;1\/2&#8243;]<div role=\"form\" class=\"wpcf7\" id=\"wpcf7-f18-o1\" lang=\"en-US\" dir=\"ltr\">\n<div class=\"screen-reader-response\"><p role=\"status\" aria-live=\"polite\" aria-atomic=\"true\"><\/p> <ul><\/ul><\/div>\n<form action=\"\/en\/wp-json\/wp\/v2\/pages\/57#wpcf7-f18-o1\" method=\"post\" class=\"wpcf7-form init\" novalidate=\"novalidate\" data-status=\"init\">\n<div style=\"display: none;\">\n<input type=\"hidden\" name=\"_wpcf7\" value=\"18\" \/>\n<input type=\"hidden\" name=\"_wpcf7_version\" value=\"5.5.6\" \/>\n<input type=\"hidden\" name=\"_wpcf7_locale\" value=\"en_US\" \/>\n<input type=\"hidden\" name=\"_wpcf7_unit_tag\" value=\"wpcf7-f18-o1\" \/>\n<input type=\"hidden\" name=\"_wpcf7_container_post\" value=\"0\" \/>\n<input type=\"hidden\" name=\"_wpcf7_posted_data_hash\" value=\"\" \/>\n<\/div>\n<p><label> Your Name (required)<br \/>\n    <span class=\"wpcf7-form-control-wrap your-name\"><input type=\"text\" name=\"your-name\" value=\"\" size=\"40\" class=\"wpcf7-form-control wpcf7-text wpcf7-validates-as-required\" aria-required=\"true\" aria-invalid=\"false\" \/><\/span> <\/label><\/p>\n<p><label> Your Email (required)<br \/>\n    <span class=\"wpcf7-form-control-wrap your-email\"><input type=\"email\" name=\"your-email\" value=\"\" size=\"40\" class=\"wpcf7-form-control wpcf7-text wpcf7-email wpcf7-validates-as-required wpcf7-validates-as-email\" aria-required=\"true\" aria-invalid=\"false\" \/><\/span> <\/label><\/p>\n<p><label> Subject<br \/>\n    <span class=\"wpcf7-form-control-wrap your-subject\"><input type=\"text\" name=\"your-subject\" value=\"\" size=\"40\" class=\"wpcf7-form-control wpcf7-text\" aria-invalid=\"false\" \/><\/span> <\/label><\/p>\n<p><label> Your Message<br \/>\n    <span class=\"wpcf7-form-control-wrap your-message\"><textarea name=\"your-message\" cols=\"40\" rows=\"10\" class=\"wpcf7-form-control wpcf7-textarea\" aria-invalid=\"false\"><\/textarea><\/span> <\/label><\/p>\n<p><input type=\"submit\" value=\"Send\" class=\"wpcf7-form-control has-spinner wpcf7-submit\" \/><\/p>\n<div class=\"wpcf7-response-output\" aria-hidden=\"true\"><\/div><\/form><\/div>[vc_column_text]<\/p>\n<p>info@akvasolis.lt<\/p>\n<p>Correspondence address: Energetik\u0173 g. 49, Kur\u0161\u0117nai, LT-81134 \u0160iauli\u0173 r.[\/vc_column_text][\/vc_column][vc_column width=&#8221;1\/2&#8243;][vc_gmaps link=&#8221;#E-8_JTNDaWZyYW1lJTIwc3JjJTNEJTIyaHR0cHMlM0ElMkYlMkZ3d3cuZ29vZ2xlLmNvbSUyRm1hcHMlMkZlbWJlZCUzRnBiJTNEJTIxMW0xOCUyMTFtMTIlMjExbTMlMjExZDIyMzYuMjI4MDUzNTg3MDM0NSUyMTJkMjMuMzM2ODgxNzE1OTM2NzAyJTIxM2Q1NS45MTA3NDU5ODA1OTU5JTIxMm0zJTIxMWYwJTIxMmYwJTIxM2YwJTIxM20yJTIxMWkxMDI0JTIxMmk3NjglMjE0ZjEzLjElMjEzbTMlMjExbTIlMjExczB4NDZlNWUyNjAwN2I1MzdjMyUyNTNBMHhiZjAzOWNkZTIxMTlkMGNhJTIxMnNBcnRvaiUyNUM1JTI1QjMlMkJnLiUyQjZBJTI1MkMlMkIlMjVDNSUyNUEwaWF1bGlhaSUyQjc3MTIxJTI1MkMlMkJMaXRodWFuaWElMjE1ZTAlMjEzbTIlMjExc2VuJTIxMnN1cyUyMTR2MTUwNzc0MjEzNTExMyUyMiUyMHdpZHRoJTNEJTIyNjAwJTIyJTIwaGVpZ2h0JTNEJTIyNDUwJTIyJTIwZnJhbWVib3JkZXIlM0QlMjIwJTIyJTIwc3R5bGUlM0QlMjJib3JkZXIlM0EwJTIyJTIwYWxsb3dmdWxsc2NyZWVuJTNFJTNDJTJGaWZyYW1lJTNF&#8221;][\/vc_column][\/vc_row]<\/p>\n","protected":false},"excerpt":{"rendered":"<p>[vc_row][vc_column width=&#8221;1\/2&#8243;][vc_column_text] info@akvasolis.lt Correspondence address: Energetik\u0173 g. 49, Kur\u0161\u0117nai, LT-81134 \u0160iauli\u0173 r.[\/vc_column_text][\/vc_column][vc_column width=&#8221;1\/2&#8243;][vc_gmaps link=&#8221;#E-8_JTNDaWZyYW1lJTIwc3JjJTNEJTIyaHR0cHMlM0ElMkYlMkZ3d3cuZ29vZ2xlLmNvbSUyRm1hcHMlMkZlbWJlZCUzRnBiJTNEJTIxMW0xOCUyMTFtMTIlMjExbTMlMjExZDIyMzYuMjI4MDUzNTg3MDM0NSUyMTJkMjMuMzM2ODgxNzE1OTM2NzAyJTIxM2Q1NS45MTA3NDU5ODA1OTU5JTIxMm0zJTIxMWYwJTIxMmYwJTIxM2YwJTIxM20yJTIxMWkxMDI0JTIxMmk3NjglMjE0ZjEzLjElMjEzbTMlMjExbTIlMjExczB4NDZlNWUyNjAwN2I1MzdjMyUyNTNBMHhiZjAzOWNkZTIxMTlkMGNhJTIxMnNBcnRvaiUyNUM1JTI1QjMlMkJnLiUyQjZBJTI1MkMlMkIlMjVDNSUyNUEwaWF1bGlhaSUyQjc3MTIxJTI1MkMlMkJMaXRodWFuaWElMjE1ZTAlMjEzbTIlMjExc2VuJTIxMnN1cyUyMTR2MTUwNzc0MjEzNTExMyUyMiUyMHdpZHRoJTNEJTIyNjAwJTIyJTIwaGVpZ2h0JTNEJTIyNDUwJTIyJTIwZnJhbWVib3JkZXIlM0QlMjIwJTIyJTIwc3R5bGUlM0QlMjJib3JkZXIlM0EwJTIyJTIwYWxsb3dmdWxsc2NyZWVuJTNFJTNDJTJGaWZyYW1lJTNF&#8221;][\/vc_column][\/vc_row]<\/p>\n","protected":false},"author":1,"featured_media":0,"parent":0,"menu_order":0,"comment_status":"closed","ping_status":"closed","template":"template-fullwith.php","meta":[],"yoast_head":"<!-- This site is optimized with the Yoast SEO plugin v16.1.1 - https:\/\/yoast.com\/wordpress\/plugins\/seo\/ -->\n<link rel=\"canonical\" href=\"https:\/\/akvasolis.lt\/kontaktai\/\" \/>\n<meta property=\"og:locale\" content=\"en_US\" \/>\n<meta property=\"og:type\" content=\"article\" \/>\n<meta property=\"og:title\" content=\"UAB Akvasolis - susisiekite ir gaukite saul\u0117s kolektori\u0173 pasi\u016blym\u0105\" \/>\n<meta property=\"og:description\" content=\"[vc_row][vc_column width=&#8221;1\/2&#8243;][vc_column_text] info@akvasolis.lt Correspondence address: Energetik\u0173 g. 49, Kur\u0161\u0117nai, LT-81134 \u0160iauli\u0173 r.[\/vc_column_text][\/vc_column][vc_column width=&#8221;1\/2&#8243;][vc_gmaps link=&#8221;#E-8_JTNDaWZyYW1lJTIwc3JjJTNEJTIyaHR0cHMlM0ElMkYlMkZ3d3cuZ29vZ2xlLmNvbSUyRm1hcHMlMkZlbWJlZCUzRnBiJTNEJTIxMW0xOCUyMTFtMTIlMjExbTMlMjExZDIyMzYuMjI4MDUzNTg3MDM0NSUyMTJkMjMuMzM2ODgxNzE1OTM2NzAyJTIxM2Q1NS45MTA3NDU5ODA1OTU5JTIxMm0zJTIxMWYwJTIxMmYwJTIxM2YwJTIxM20yJTIxMWkxMDI0JTIxMmk3NjglMjE0ZjEzLjElMjEzbTMlMjExbTIlMjExczB4NDZlNWUyNjAwN2I1MzdjMyUyNTNBMHhiZjAzOWNkZTIxMTlkMGNhJTIxMnNBcnRvaiUyNUM1JTI1QjMlMkJnLiUyQjZBJTI1MkMlMkIlMjVDNSUyNUEwaWF1bGlhaSUyQjc3MTIxJTI1MkMlMkJMaXRodWFuaWElMjE1ZTAlMjEzbTIlMjExc2VuJTIxMnN1cyUyMTR2MTUwNzc0MjEzNTExMyUyMiUyMHdpZHRoJTNEJTIyNjAwJTIyJTIwaGVpZ2h0JTNEJTIyNDUwJTIyJTIwZnJhbWVib3JkZXIlM0QlMjIwJTIyJTIwc3R5bGUlM0QlMjJib3JkZXIlM0EwJTIyJTIwYWxsb3dmdWxsc2NyZWVuJTNFJTNDJTJGaWZyYW1lJTNF&#8221;][\/vc_column][\/vc_row]\" \/>\n<meta property=\"og:url\" content=\"https:\/\/akvasolis.lt\/kontaktai\/\" \/>\n<meta property=\"og:site_name\" content=\"akvasolis\" \/>\n<meta property=\"article:modified_time\" content=\"2021-10-05T15:42:49+00:00\" \/>\n<meta name=\"twitter:card\" content=\"summary_large_image\" \/>\n<meta name=\"twitter:label1\" content=\"Est. reading time\">\n\t<meta name=\"twitter:data1\" content=\"1 minute\">\n<script type=\"application\/ld+json\" class=\"yoast-schema-graph\">{\"@context\":\"https:\/\/schema.org\",\"@graph\":[{\"@type\":\"Organization\",\"@id\":\"https:\/\/akvasolis.lt\/#organization\",\"name\":\"UAB Akvasolis\",\"url\":\"https:\/\/akvasolis.lt\/\",\"sameAs\":[],\"logo\":{\"@type\":\"ImageObject\",\"@id\":\"https:\/\/akvasolis.lt\/#logo\",\"inLanguage\":\"en-US\",\"url\":\"https:\/\/akvasolis.lt\/wp-content\/uploads\/2017\/08\/akvasolis-logo-1.png\",\"contentUrl\":\"https:\/\/akvasolis.lt\/wp-content\/uploads\/2017\/08\/akvasolis-logo-1.png\",\"width\":373,\"height\":352,\"caption\":\"UAB Akvasolis\"},\"image\":{\"@id\":\"https:\/\/akvasolis.lt\/#logo\"}},{\"@type\":\"WebSite\",\"@id\":\"https:\/\/akvasolis.lt\/#website\",\"url\":\"https:\/\/akvasolis.lt\/\",\"name\":\"Akvasolis\",\"description\":\"Just another WordPress site\",\"publisher\":{\"@id\":\"https:\/\/akvasolis.lt\/#organization\"},\"potentialAction\":[{\"@type\":\"SearchAction\",\"target\":\"https:\/\/akvasolis.lt\/?s={search_term_string}\",\"query-input\":\"required name=search_term_string\"}],\"inLanguage\":\"en-US\"},{\"@type\":\"WebPage\",\"@id\":\"https:\/\/akvasolis.lt\/kontaktai\/#webpage\",\"url\":\"https:\/\/akvasolis.lt\/kontaktai\/\",\"name\":\"UAB Akvasolis - susisiekite ir gaukite saul\\u0117s kolektori\\u0173 pasi\\u016blym\\u0105\",\"isPartOf\":{\"@id\":\"https:\/\/akvasolis.lt\/#website\"},\"datePublished\":\"2017-08-20T11:59:26+00:00\",\"dateModified\":\"2021-10-05T15:42:49+00:00\",\"breadcrumb\":{\"@id\":\"https:\/\/akvasolis.lt\/kontaktai\/#breadcrumb\"},\"inLanguage\":\"en-US\",\"potentialAction\":[{\"@type\":\"ReadAction\",\"target\":[\"https:\/\/akvasolis.lt\/kontaktai\/\"]}]},{\"@type\":\"BreadcrumbList\",\"@id\":\"https:\/\/akvasolis.lt\/kontaktai\/#breadcrumb\",\"itemListElement\":[{\"@type\":\"ListItem\",\"position\":1,\"item\":{\"@type\":\"WebPage\",\"@id\":\"https:\/\/akvasolis.lt\/\",\"url\":\"https:\/\/akvasolis.lt\/\",\"name\":\"Home\"}},{\"@type\":\"ListItem\",\"position\":2,\"item\":{\"@type\":\"WebPage\",\"@id\":\"https:\/\/akvasolis.lt\/kontaktai\/\",\"url\":\"https:\/\/akvasolis.lt\/kontaktai\/\",\"name\":\"Kontaktai\"}}]}]}<\/script>\n<!-- \/ Yoast SEO plugin. -->","_links":{"self":[{"href":"https:\/\/akvasolis.lt\/en\/wp-json\/wp\/v2\/pages\/57"}],"collection":[{"href":"https:\/\/akvasolis.lt\/en\/wp-json\/wp\/v2\/pages"}],"about":[{"href":"https:\/\/akvasolis.lt\/en\/wp-json\/wp\/v2\/types\/page"}],"author":[{"embeddable":true,"href":"https:\/\/akvasolis.lt\/en\/wp-json\/wp\/v2\/users\/1"}],"replies":[{"embeddable":true,"href":"https:\/\/akvasolis.lt\/en\/wp-json\/wp\/v2\/comments?post=57"}],"version-history":[{"count":10,"href":"https:\/\/akvasolis.lt\/en\/wp-json\/wp\/v2\/pages\/57\/revisions"}],"predecessor-version":[{"id":225,"href":"https:\/\/akvasolis.lt\/en\/wp-json\/wp\/v2\/pages\/57\/revisions\/225"}],"wp:attachment":[{"href":"https:\/\/akvasolis.lt\/en\/wp-json\/wp\/v2\/media?parent=57"}],"curies":[{"name":"wp","href":"https:\/\/api.w.org\/{rel}","templated":true}]}}